{"id":16,"date":"2017-05-24T17:14:02","date_gmt":"2017-05-24T17:14:02","guid":{"rendered":"http:\/\/localhost\/medical-way-plus\/?page_id=13"},"modified":"2017-05-24T17:14:02","modified_gmt":"2017-05-24T17:14:02","slug":"home","status":"publish","type":"page","link":"https:\/\/transsexualizmus.sk\/","title":{"rendered":"Home"},"content":{"rendered":"","protected":false},"excerpt":{"rendered":"","protected":false},"author":1,"featured_media":0,"parent":0,"menu_order":0,"comment_status":"closed","ping_status":"closed","template":"templates\/home.php","meta":[],"yoast_head":"<!-- This site is optimized with the Yoast SEO plugin v21.1 - https:\/\/yoast.com\/wordpress\/plugins\/seo\/ -->\n<title>Home - Vyjadrenie psychiatrov, psychol\u00f3gov a in\u00fdch odborn\u00edkov k transsexualizmu<\/title>\n<meta name=\"robots\" content=\"index, follow, max-snippet:-1, max-image-preview:large, max-video-preview:-1\" \/>\n<link rel=\"canonical\" href=\"https:\/\/transsexualizmus.sk\/\" \/>\n<meta property=\"og:locale\" content=\"sk_SK\" \/>\n<meta property=\"og:type\" content=\"article\" \/>\n<meta property=\"og:title\" content=\"Home - Vyjadrenie psychiatrov, psychol\u00f3gov a in\u00fdch odborn\u00edkov k transsexualizmu\" \/>\n<meta property=\"og:url\" content=\"https:\/\/transsexualizmus.sk\/\" \/>\n<meta property=\"og:site_name\" content=\"Vyjadrenie psychiatrov, psychol\u00f3gov a in\u00fdch odborn\u00edkov k transsexualizmu\" \/>\n<meta name=\"twitter:card\" content=\"summary_large_image\" \/>\n<script type=\"application\/ld+json\" class=\"yoast-schema-graph\">{\"@context\":\"https:\/\/schema.org\",\"@graph\":[{\"@type\":\"WebPage\",\"@id\":\"https:\/\/transsexualizmus.sk\/\",\"url\":\"https:\/\/transsexualizmus.sk\/\",\"name\":\"Home - Vyjadrenie psychiatrov, psychol\u00f3gov a in\u00fdch odborn\u00edkov k transsexualizmu\",\"isPartOf\":{\"@id\":\"https:\/\/transsexualizmus.sk\/#website\"},\"datePublished\":\"2017-05-24T17:14:02+00:00\",\"dateModified\":\"2017-05-24T17:14:02+00:00\",\"breadcrumb\":{\"@id\":\"https:\/\/transsexualizmus.sk\/#breadcrumb\"},\"inLanguage\":\"sk-SK\",\"potentialAction\":[{\"@type\":\"ReadAction\",\"target\":[\"https:\/\/transsexualizmus.sk\/\"]}]},{\"@type\":\"BreadcrumbList\",\"@id\":\"https:\/\/transsexualizmus.sk\/#breadcrumb\",\"itemListElement\":[{\"@type\":\"ListItem\",\"position\":1,\"name\":\"Home\",\"item\":\"https:\/\/transsexualizmus.sk\/\"},{\"@type\":\"ListItem\",\"position\":2,\"name\":\"Home\"}]},{\"@type\":\"WebSite\",\"@id\":\"https:\/\/transsexualizmus.sk\/#website\",\"url\":\"https:\/\/transsexualizmus.sk\/\",\"name\":\"Vyjadrenie psychiatrov, psychol\u00f3gov a in\u00fdch odborn\u00edkov k transsexualizmu\",\"description\":\"\",\"potentialAction\":[{\"@type\":\"SearchAction\",\"target\":{\"@type\":\"EntryPoint\",\"urlTemplate\":\"https:\/\/transsexualizmus.sk\/?s={search_term_string}\"},\"query-input\":\"required name=search_term_string\"}],\"inLanguage\":\"sk-SK\"}]}<\/script>\n<!-- \/ Yoast SEO plugin. -->","yoast_head_json":{"title":"Home - Vyjadrenie psychiatrov, psychol\u00f3gov a in\u00fdch odborn\u00edkov k transsexualizmu","robots":{"index":"index","follow":"follow","max-snippet":"max-snippet:-1","max-image-preview":"max-image-preview:large","max-video-preview":"max-video-preview:-1"},"canonical":"https:\/\/transsexualizmus.sk\/","og_locale":"sk_SK","og_type":"article","og_title":"Home - Vyjadrenie psychiatrov, psychol\u00f3gov a in\u00fdch odborn\u00edkov k transsexualizmu","og_url":"https:\/\/transsexualizmus.sk\/","og_site_name":"Vyjadrenie psychiatrov, psychol\u00f3gov a in\u00fdch odborn\u00edkov k transsexualizmu","twitter_card":"summary_large_image","schema":{"@context":"https:\/\/schema.org","@graph":[{"@type":"WebPage","@id":"https:\/\/transsexualizmus.sk\/","url":"https:\/\/transsexualizmus.sk\/","name":"Home - Vyjadrenie psychiatrov, psychol\u00f3gov a in\u00fdch odborn\u00edkov k transsexualizmu","isPartOf":{"@id":"https:\/\/transsexualizmus.sk\/#website"},"datePublished":"2017-05-24T17:14:02+00:00","dateModified":"2017-05-24T17:14:02+00:00","breadcrumb":{"@id":"https:\/\/transsexualizmus.sk\/#breadcrumb"},"inLanguage":"sk-SK","potentialAction":[{"@type":"ReadAction","target":["https:\/\/transsexualizmus.sk\/"]}]},{"@type":"BreadcrumbList","@id":"https:\/\/transsexualizmus.sk\/#breadcrumb","itemListElement":[{"@type":"ListItem","position":1,"name":"Home","item":"https:\/\/transsexualizmus.sk\/"},{"@type":"ListItem","position":2,"name":"Home"}]},{"@type":"WebSite","@id":"https:\/\/transsexualizmus.sk\/#website","url":"https:\/\/transsexualizmus.sk\/","name":"Vyjadrenie psychiatrov, psychol\u00f3gov a in\u00fdch odborn\u00edkov k transsexualizmu","description":"","potentialAction":[{"@type":"SearchAction","target":{"@type":"EntryPoint","urlTemplate":"https:\/\/transsexualizmus.sk\/?s={search_term_string}"},"query-input":"required name=search_term_string"}],"inLanguage":"sk-SK"}]}},"_links":{"self":[{"href":"https:\/\/transsexualizmus.sk\/index.php?rest_route=\/wp\/v2\/pages\/16"}],"collection":[{"href":"https:\/\/transsexualizmus.sk\/index.php?rest_route=\/wp\/v2\/pages"}],"about":[{"href":"https:\/\/transsexualizmus.sk\/index.php?rest_route=\/wp\/v2\/types\/page"}],"author":[{"embeddable":true,"href":"https:\/\/transsexualizmus.sk\/index.php?rest_route=\/wp\/v2\/users\/1"}],"replies":[{"embeddable":true,"href":"https:\/\/transsexualizmus.sk\/index.php?rest_route=%2Fwp%2Fv2%2Fcomments&post=16"}],"version-history":[{"count":0,"href":"https:\/\/transsexualizmus.sk\/index.php?rest_route=\/wp\/v2\/pages\/16\/revisions"}],"wp:attachment":[{"href":"https:\/\/transsexualizmus.sk\/index.php?rest_route=%2Fwp%2Fv2%2Fmedia&parent=16"}],"curies":[{"name":"wp","href":"https:\/\/api.w.org\/{rel}","templated":true}]}}